{"id":1582,"date":"2026-02-17T19:14:50","date_gmt":"2026-02-17T19:14:50","guid":{"rendered":"https:\/\/airpack.ee\/?page_id=1582"},"modified":"2026-02-22T15:35:33","modified_gmt":"2026-02-22T15:35:33","slug":"tellimus","status":"publish","type":"page","link":"https:\/\/www.airpack.ee\/nb\/tellimus\/","title":{"rendered":"Tellimus"},"content":{"rendered":"<div data-elementor-type=\"wp-post\" data-elementor-id=\"1582\" class=\"elementor elementor-1582\" data-elementor-post-type=\"page\">\n\t\t\t\t<div class=\"elementor-element elementor-element-1e6bb73 e-flex e-con-boxed e-con e-parent\" data-id=\"1e6bb73\" data-element_type=\"container\" data-e-type=\"container\" data-settings=\"{&quot;background_background&quot;:&quot;classic&quot;}\">\n\t\t\t\t\t<div class=\"e-con-inner\">\n\t\t<div class=\"elementor-element elementor-element-2ebda9e e-con-full e-flex e-con e-child\" data-id=\"2ebda9e\" data-element_type=\"container\" data-e-type=\"container\">\n\t\t\t\t<div class=\"elementor-element elementor-element-9874375 exad-sticky-section-no exad-glass-effect-no elementor-widget elementor-widget-heading\" data-id=\"9874375\" data-element_type=\"widget\" data-e-type=\"widget\" data-widget_type=\"heading.default\">\n\t\t\t\t<div class=\"elementor-widget-container\">\n\t\t\t\t\t<h1 class=\"elementor-heading-title elementor-size-default\">Hinnap\u00e4ring<\/h1>\t\t\t\t<\/div>\n\t\t\t\t<\/div>\n\t\t\t\t<\/div>\n\t\t\t\t\t<\/div>\n\t\t\t\t<\/div>\n\t\t<div class=\"elementor-element elementor-element-f330312 e-flex e-con-boxed e-con e-parent\" data-id=\"f330312\" data-element_type=\"container\" data-e-type=\"container\">\n\t\t\t\t\t<div class=\"e-con-inner\">\n\t\t<div class=\"elementor-element elementor-element-ad9fda2 e-con-full e-flex e-con e-child\" data-id=\"ad9fda2\" data-element_type=\"container\" data-e-type=\"container\">\n\t\t<div class=\"elementor-element elementor-element-44d67ff e-con-full e-flex e-con e-child\" data-id=\"44d67ff\" data-element_type=\"container\" data-e-type=\"container\">\n\t\t\t\t<div class=\"elementor-element elementor-element-9d6472d exad-sticky-section-no exad-glass-effect-no elementor-widget elementor-widget-shortcode\" data-id=\"9d6472d\" data-element_type=\"widget\" data-e-type=\"widget\" data-widget_type=\"shortcode.default\">\n\t\t\t\t<div class=\"elementor-widget-container\">\n\t\t\t\t\t\t\t<div class=\"elementor-shortcode\">    <div class=\"csf-wrap\">\n      \n      <form class=\"csf-form\" method=\"post\" enctype=\"multipart\/form-data\" novalidate action=\"\">\n        <input type=\"hidden\" id=\"csf_nonce\" name=\"csf_nonce\" value=\"259e070a5f\" \/><input type=\"hidden\" name=\"_wp_http_referer\" value=\"\/nb\/wp-json\/wp\/v2\/pages\/1582\" \/>        <input type=\"hidden\" name=\"csf_form\" value=\"1\" \/>\n\n        <!-- overlay spinner -->\n        <div class=\"csf-overlay\" aria-hidden=\"true\">\n          <div class=\"csf-spinner\" aria-hidden=\"true\"><\/div>\n          <div class=\"csf-overlay__text\">Saadan p\u00e4ringut\u2026<\/div>\n        <\/div>\n\n        <!-- NEW: ROUTE SECTION -->\n        <section class=\"csf-section\">\n          <h3 class=\"csf-title\">SAADETISE MARSRUUT<\/h3>\n\n          <div class=\"csf-grid csf-grid--2\">\n            <label class=\"csf-field\">\n              <span>L\u00e4htekoht (aadress)<\/span>\n              <input name=\"origin_address\" type=\"text\" required maxlength=\"220\" placeholder=\"Nt Tartu mnt 1, Tallinn\" \/>\n            <\/label>\n\n            <label class=\"csf-field\">\n              <span>Sihtkoht (aadress)<\/span>\n              <input name=\"destination_address\" type=\"text\" required maxlength=\"220\" placeholder=\"Nt Riia 10, Tartu\" \/>\n            <\/label>\n          <\/div>\n        <\/section>\n\n        <section class=\"csf-section\">\n          <h3 class=\"csf-title\">SAADETISE ANDMED<\/h3>\n\n          <div id=\"csf-packages\" class=\"csf-packages\"><\/div>\n\n          <div class=\"csf-actions\">\n            <button type=\"button\" class=\"csf-btn csf-btn--add\" id=\"csf-add\">+ Lisa pakk<\/button>\n            <div class=\"csf-hint\">Saab lisada kuni 10 pakki.<\/div>\n          <\/div>\n\n          <label class=\"csf-check\">\n            <input type=\"checkbox\" name=\"customs_services\" value=\"1\" \/>\n            <span>Soovin antud saadetisele tellida ka tolliteenused<\/span>\n          <\/label>\n        <\/section>\n\n        <section class=\"csf-section\">\n          <h3 class=\"csf-title\">KONTAKTANDMED<\/h3>\n\n          <div class=\"csf-grid csf-grid--2\">\n            <label class=\"csf-field\">\n              <span>Eesnimi<\/span>\n              <input name=\"first_name\" type=\"text\" required maxlength=\"80\" placeholder=\"Nt Mari\" \/>\n            <\/label>\n\n            <label class=\"csf-field\">\n              <span>Perekonnanimi<\/span>\n              <input name=\"last_name\" type=\"text\" required maxlength=\"80\" placeholder=\"Nt Tamm\" \/>\n            <\/label>\n          <\/div>\n\n          <div class=\"csf-grid csf-grid--2\">\n            <label class=\"csf-field\">\n              <span>Telefon<\/span>\n              <input name=\"phone\" type=\"tel\" required maxlength=\"40\" placeholder=\"+372 5xxxxxxx\" \/>\n            <\/label>\n\n            <label class=\"csf-field\">\n              <span>Emaili aadress<\/span>\n              <input name=\"email\" type=\"email\" required maxlength=\"120\" placeholder=\"nimi@domeen.ee\" \/>\n            <\/label>\n          <\/div>\n        <\/section>\n\n        <section class=\"csf-section\">\n          <h3 class=\"csf-title\">LISAD<\/h3>\n\n          <label class=\"csf-field\">\n            <span>Lisainfo \/ kommentaarid<\/span>\n            <textarea name=\"notes\" rows=\"5\" maxlength=\"2000\" placeholder=\"Kirjelda vajadusel lisainfot...\"><\/textarea>\n          <\/label>\n\n          <label class=\"csf-field\">\n            <span>Failide \u00fcleslaadimine (kuni 10 pilti)<\/span>\n\n            <div class=\"csf-file\">\n              <input id=\"csf-photos\" class=\"csf-file__input\" name=\"photos[]\" type=\"file\" accept=\"image\/jpeg,image\/png,image\/webp\" multiple \/>\n              <label class=\"csf-btn csf-file__btn\" for=\"csf-photos\">Vali failid<\/label>\n              <div class=\"csf-file__meta\">\n                <div class=\"csf-file__name\" id=\"csf-file-name\">\u00dchtegi faili pole valitud<\/div>\n                <small class=\"csf-hint\">Lubatud: JPG, PNG, WEBP. Max 8MB \/ fail.<\/small>\n              <\/div>\n            <\/div>\n          <\/label>\n        <\/section>\n\n        <button class=\"csf-btn csf-btn--submit\" type=\"submit\">Saada p\u00e4ring<\/button>\n      <input type=\"hidden\" name=\"trp-form-language\" value=\"nb\"\/><\/form>\n\n      <template id=\"csf-row-tpl\">\n        <div class=\"csf-row\">\n          <div class=\"csf-row__head\">\n            <strong class=\"csf-row__label\">Pakk <span class=\"csf-row__nr\"><\/span><\/strong>\n            <button type=\"button\" class=\"csf-btn csf-btn--ghost csf-remove\">Eemalda<\/button>\n          <\/div>\n\n          <div class=\"csf-pkgline\">\n            <label class=\"csf-field\">\n              <span>Pikkus<\/span>\n              <input type=\"number\" min=\"1\" step=\"1\" name=\"pkg_length[]\" required placeholder=\"cm\" \/>\n            <\/label>\n\n            <div class=\"csf-x\">\u00d7<\/div>\n\n            <label class=\"csf-field\">\n              <span>Laius<\/span>\n              <input type=\"number\" min=\"1\" step=\"1\" name=\"pkg_width[]\" required placeholder=\"cm\" \/>\n            <\/label>\n\n            <div class=\"csf-x\">\u00d7<\/div>\n\n            <label class=\"csf-field\">\n              <span>K\u00f5rgus<\/span>\n              <input type=\"number\" min=\"1\" step=\"1\" name=\"pkg_height[]\" required placeholder=\"cm\" \/>\n            <\/label>\n\n            <label class=\"csf-field csf-field--weight\">\n              <span>Kaal<\/span>\n              <input type=\"number\" min=\"0.1\" step=\"0.1\" name=\"pkg_weight[]\" required placeholder=\"kg\" \/>\n            <\/label>\n          <\/div>\n        <\/div>\n      <\/template>\n\n    <\/div>\n    \n<\/div>\n\t\t\t\t\t\t<\/div>\n\t\t\t\t<\/div>\n\t\t\t\t<\/div>\n\t\t\t\t<\/div>\n\t\t<div class=\"elementor-element elementor-element-f3df0c4 e-con-full e-flex e-con e-child\" data-id=\"f3df0c4\" data-element_type=\"container\" data-e-type=\"container\">\n\t\t<div class=\"elementor-element elementor-element-74e088d e-con-full e-flex e-con e-child\" data-id=\"74e088d\" data-element_type=\"container\" data-e-type=\"container\">\n\t\t\t\t<div class=\"elementor-element elementor-element-318410c exad-sticky-section-no exad-glass-effect-no elementor-widget elementor-widget-heading\" data-id=\"318410c\" data-element_type=\"widget\" data-e-type=\"widget\" data-widget_type=\"heading.default\">\n\t\t\t\t<div class=\"elementor-widget-container\">\n\t\t\t\t\t<h2 class=\"elementor-heading-title elementor-size-default\">P\u00e4ringu saatmine<\/h2>\t\t\t\t<\/div>\n\t\t\t\t<\/div>\n\t\t\t\t<div class=\"elementor-element elementor-element-2e69d19 exad-sticky-section-no exad-glass-effect-no elementor-widget elementor-widget-text-editor\" data-id=\"2e69d19\" data-element_type=\"widget\" data-e-type=\"widget\" data-widget_type=\"text-editor.default\">\n\t\t\t\t<div class=\"elementor-widget-container\">\n\t\t\t\t\t\t\t\t\tJuhul kui Teil tekib hinnap\u00e4ringu edastamise k\u00e4igus k\u00fcsimus, palume \u00fchendust v\u00f5tta allolevate kontaktide kaudu.\nOleme valmis Teid juhendama ja abistama vormi t\u00e4itmisel!\t\t\t\t\t\t\t\t<\/div>\n\t\t\t\t<\/div>\n\t\t\t\t<div class=\"elementor-element elementor-element-4f5be4e elementor-icon-list--layout-traditional elementor-list-item-link-full_width exad-sticky-section-no exad-glass-effect-no elementor-widget elementor-widget-icon-list\" data-id=\"4f5be4e\" data-element_type=\"widget\" data-e-type=\"widget\" data-widget_type=\"icon-list.default\">\n\t\t\t\t<div class=\"elementor-widget-container\">\n\t\t\t\t\t\t\t<ul class=\"elementor-icon-list-items\">\n\t\t\t\t\t\t\t<li class=\"elementor-icon-list-item\">\n\t\t\t\t\t\t\t\t\t\t\t<a href=\"tel:+3725097176\">\n\n\t\t\t\t\t\t\t\t\t\t\t\t<span class=\"elementor-icon-list-icon\">\n\t\t\t\t\t\t\t<i aria-hidden=\"true\" class=\"remixicon ri-phone-line\"><\/i>\t\t\t\t\t\t<\/span>\n\t\t\t\t\t\t\t\t\t\t<span class=\"elementor-icon-list-text\">+ 372 509 7176<\/span>\n\t\t\t\t\t\t\t\t\t\t\t<\/a>\n\t\t\t\t\t\t\t\t\t<\/li>\n\t\t\t\t\t\t\t\t<li class=\"elementor-icon-list-item\">\n\t\t\t\t\t\t\t\t\t\t\t<a href=\"mailto:tonu.kulaviir@airpack.ee\">\n\n\t\t\t\t\t\t\t\t\t\t\t\t<span class=\"elementor-icon-list-icon\">\n\t\t\t\t\t\t\t<i aria-hidden=\"true\" class=\"feather icon-mail\"><\/i>\t\t\t\t\t\t<\/span>\n\t\t\t\t\t\t\t\t\t\t<span class=\"elementor-icon-list-text\">tonu.kulaviir@airpack.ee<\/span>\n\t\t\t\t\t\t\t\t\t\t\t<\/a>\n\t\t\t\t\t\t\t\t\t<\/li>\n\t\t\t\t\t\t<\/ul>\n\t\t\t\t\t\t<\/div>\n\t\t\t\t<\/div>\n\t\t\t\t<div class=\"elementor-element elementor-element-fea2321 exad-sticky-section-no exad-glass-effect-no elementor-widget elementor-widget-heading\" data-id=\"fea2321\" data-element_type=\"widget\" data-e-type=\"widget\" data-widget_type=\"heading.default\">\n\t\t\t\t<div class=\"elementor-widget-container\">\n\t\t\t\t\t<h2 class=\"elementor-heading-title elementor-size-default\">Kuidas vorm t\u00e4ita?<\/h2>\t\t\t\t<\/div>\n\t\t\t\t<\/div>\n\t\t\t\t<div class=\"elementor-element elementor-element-7287177 exad-sticky-section-no exad-glass-effect-no elementor-widget elementor-widget-text-editor\" data-id=\"7287177\" data-element_type=\"widget\" data-e-type=\"widget\" data-widget_type=\"text-editor.default\">\n\t\t\t\t<div class=\"elementor-widget-container\">\n\t\t\t\t\t\t\t\t\t<p data-start=\"125\" data-end=\"213\"><strong data-start=\"125\" data-end=\"149\">1\ufe0f\u20e3 Sisesta marsruut<\/strong><br data-start=\"149\" data-end=\"152\" \/>M\u00e4rgi l\u00e4htekoht ja sihtkoht (linn ja riik v\u00f5i t\u00e4pne aadress).<\/p><p data-start=\"215\" data-end=\"329\"><strong data-start=\"215\" data-end=\"239\">2\ufe0f\u20e3 Lisa paki andmed<\/strong><br data-start=\"239\" data-end=\"242\" \/>Sisesta iga paki m\u00f5\u00f5dud (P \u00d7 L \u00d7 K) ja kaal.<br data-start=\"286\" data-end=\"289\" \/>\u00dcks saadetis v\u00f5ib sisaldada mitut pakki.<\/p><p data-start=\"331\" data-end=\"449\"><strong data-start=\"331\" data-end=\"363\">3\ufe0f\u20e3 Kirjelda sisu + lisainfo<\/strong><br data-start=\"363\" data-end=\"366\" \/>Lisa l\u00fchike kaubakirjeldus ning vajadusel kommentaarid (nt habras kaup, erisoovid).<\/p><p data-start=\"451\" data-end=\"577\" data-is-last-node=\"\" data-is-only-node=\"\"><strong data-start=\"451\" data-end=\"498\">4\ufe0f\u20e3 Lisa pildid (soovi korral) ja saada \u00e4ra<\/strong><br data-start=\"498\" data-end=\"501\" \/>Kontrolli andmed \u00fcle ja esita p\u00e4ring \u2014 vastame personaalse hinnapakkumisega.<\/p>\t\t\t\t\t\t\t\t<\/div>\n\t\t\t\t<\/div>\n\t\t\t\t<\/div>\n\t\t\t\t<\/div>\n\t\t\t\t\t<\/div>\n\t\t\t\t<\/div>\n\t\t<div class=\"elementor-element elementor-element-f41158e e-con-full e-flex e-con e-parent\" data-id=\"f41158e\" data-element_type=\"container\" data-e-type=\"container\" data-settings=\"{&quot;background_background&quot;:&quot;classic&quot;}\">\n\t\t\t\t<div class=\"elementor-element elementor-element-ca40314 exad-sticky-section-no exad-glass-effect-no elementor-widget elementor-widget-google_maps\" data-id=\"ca40314\" data-element_type=\"widget\" data-e-type=\"widget\" data-widget_type=\"google_maps.default\">\n\t\t\t\t<div class=\"elementor-widget-container\">\n\t\t\t\t\t\t\t<div class=\"elementor-custom-embed\">\n\t\t\t<iframe loading=\"lazy\"\n\t\t\t\t\tsrc=\"https:\/\/maps.google.com\/maps?q=Valukoja%2032%2C%2011415%20Tallinn&#038;t=m&#038;z=15&#038;output=embed&#038;iwloc=near\"\n\t\t\t\t\ttitle=\"Valukoja 32, 11415 Tallinn\"\n\t\t\t\t\taria-label=\"Valukoja 32, 11415 Tallinn\"\n\t\t\t><\/iframe>\n\t\t<\/div>\n\t\t\t\t\t\t<\/div>\n\t\t\t\t<\/div>\n\t\t\t\t<\/div>\n\t\t\t\t<\/div>","protected":false},"excerpt":{"rendered":"<p>Hinnap\u00e4ring P\u00e4ringu saatmine Juhul kui Teil tekib hinnap\u00e4ringu edastamise k\u00e4igus k\u00fcsimus, palume \u00fchendust v\u00f5tta allolevate kontaktide kaudu. Oleme valmis Teid juhendama ja abistama vormi t\u00e4itmisel! + 372 509 7176 tonu.kulaviir@airpack.ee Kuidas vorm t\u00e4ita? 1\ufe0f\u20e3 Sisesta marsruutM\u00e4rgi l\u00e4htekoht ja sihtkoht (linn ja riik v\u00f5i t\u00e4pne aadress). 2\ufe0f\u20e3 Lisa paki andmedSisesta iga paki m\u00f5\u00f5dud (P \u00d7 L [&hellip;]<\/p>\n","protected":false},"author":1,"featured_media":0,"parent":0,"menu_order":0,"comment_status":"closed","ping_status":"closed","template":"elementor_theme","meta":{"site-sidebar-layout":"no-sidebar","site-content-layout":"page-builder","ast-site-content-layout":"full-width-container","site-content-style":"unboxed","site-sidebar-style":"unboxed","ast-global-header-display":"","ast-banner-title-visibility":"","ast-main-header-display":"","ast-hfb-above-header-display":"","ast-hfb-below-header-display":"","ast-hfb-mobile-header-display":"","site-post-title":"disabled","ast-breadcrumbs-content":"","ast-featured-img":"disabled","footer-sml-layout":"","theme-transparent-header-meta":"enabled","adv-header-id-meta":"","stick-header-meta":"","header-above-stick-meta":"","header-main-stick-meta":"","header-below-stick-meta":"","astra-migrate-meta-layouts":"set","ast-page-background-enabled":"default","ast-page-background-meta":{"desktop":{"background-color":"","background-image":"","background-repeat":"repeat","background-position":"center center","background-size":"auto","background-attachment":"scroll","background-type":"","background-media":"","overlay-type":"","overlay-color":"","overlay-opacity":"","overlay-gradient":""},"tablet":{"background-color":"","background-image":"","background-repeat":"repeat","background-position":"center center","background-size":"auto","background-attachment":"scroll","background-type":"","background-media":"","overlay-type":"","overlay-color":"","overlay-opacity":"","overlay-gradient":""},"mobile":{"background-color":"","background-image":"","background-repeat":"repeat","background-position":"center center","background-size":"auto","background-attachment":"scroll","background-type":"","background-media":"","overlay-type":"","overlay-color":"","overlay-opacity":"","overlay-gradient":""}},"ast-content-background-meta":{"desktop":{"background-color":"var(--ast-global-color-5)","background-image":"","background-repeat":"repeat","background-position":"center center","background-size":"auto","background-attachment":"scroll","background-type":"","background-media":"","overlay-type":"","overlay-color":"","overlay-opacity":"","overlay-gradient":""},"tablet":{"background-color":"var(--ast-global-color-5)","background-image":"","background-repeat":"repeat","background-position":"center center","background-size":"auto","background-attachment":"scroll","background-type":"","background-media":"","overlay-type":"","overlay-color":"","overlay-opacity":"","overlay-gradient":""},"mobile":{"background-color":"var(--ast-global-color-5)","background-image":"","background-repeat":"repeat","background-position":"center center","background-size":"auto","background-attachment":"scroll","background-type":"","background-media":"","overlay-type":"","overlay-color":"","overlay-opacity":"","overlay-gradient":""}},"footnotes":""},"class_list":["post-1582","page","type-page","status-publish","hentry"],"yoast_head":"<!-- This site is optimized with the Yoast SEO plugin v27.6 - https:\/\/yoast.com\/product\/yoast-seo-wordpress\/ -->\n<title>V\u00f5ta meiega \u00fchendust | Airpack Estonia<\/title>\n<meta name=\"description\" content=\"Vajad kiiret ja usaldusv\u00e4\u00e4rset logistikapartnerit? V\u00f5ta \u00fchendust Airpack Estoniaga \u2013 vastame kiiresti ning leiame lahenduse Sinu tarnesoovile nii Eestis kui rahvusvaheliselt.\" \/>\n<meta name=\"robots\" content=\"index, follow, max-snippet:-1, max-image-preview:large, max-video-preview:-1\" \/>\n<link rel=\"canonical\" href=\"https:\/\/www.airpack.ee\/nb\/tellimus\/\" \/>\n<meta property=\"og:locale\" content=\"nb_NO\" \/>\n<meta property=\"og:type\" content=\"article\" \/>\n<meta property=\"og:title\" content=\"V\u00f5ta meiega \u00fchendust | Airpack Estonia\" \/>\n<meta property=\"og:description\" content=\"Vajad kiiret ja usaldusv\u00e4\u00e4rset logistikapartnerit? V\u00f5ta \u00fchendust Airpack Estoniaga \u2013 vastame kiiresti ning leiame lahenduse Sinu tarnesoovile nii Eestis kui rahvusvaheliselt.\" \/>\n<meta property=\"og:url\" content=\"https:\/\/www.airpack.ee\/nb\/tellimus\/\" \/>\n<meta property=\"og:site_name\" content=\"Airpack Estonia\" \/>\n<meta property=\"article:publisher\" content=\"https:\/\/www.facebook.com\/p\/Airpack-Xpress-100093337930198\/\" \/>\n<meta property=\"article:modified_time\" content=\"2026-02-22T15:35:33+00:00\" \/>\n<meta name=\"twitter:card\" content=\"summary_large_image\" \/>\n<meta name=\"twitter:label1\" content=\"Ansl. lesetid\" \/>\n\t<meta name=\"twitter:data1\" content=\"2 minutter\" \/>\n<script type=\"application\/ld+json\" class=\"yoast-schema-graph\">{\"@context\":\"https:\\\/\\\/schema.org\",\"@graph\":[{\"@type\":\"WebPage\",\"@id\":\"https:\\\/\\\/www.airpack.ee\\\/tellimus\\\/\",\"url\":\"https:\\\/\\\/www.airpack.ee\\\/tellimus\\\/\",\"name\":\"V\u00f5ta meiega \u00fchendust | Airpack Estonia\",\"isPartOf\":{\"@id\":\"https:\\\/\\\/airpack.ee\\\/#website\"},\"datePublished\":\"2026-02-17T19:14:50+00:00\",\"dateModified\":\"2026-02-22T15:35:33+00:00\",\"description\":\"Vajad kiiret ja usaldusv\u00e4\u00e4rset logistikapartnerit? V\u00f5ta \u00fchendust Airpack Estoniaga \u2013 vastame kiiresti ning leiame lahenduse Sinu tarnesoovile nii Eestis kui rahvusvaheliselt.\",\"breadcrumb\":{\"@id\":\"https:\\\/\\\/www.airpack.ee\\\/tellimus\\\/#breadcrumb\"},\"inLanguage\":\"nb-NO\",\"potentialAction\":[{\"@type\":\"ReadAction\",\"target\":[\"https:\\\/\\\/www.airpack.ee\\\/tellimus\\\/\"]}]},{\"@type\":\"BreadcrumbList\",\"@id\":\"https:\\\/\\\/www.airpack.ee\\\/tellimus\\\/#breadcrumb\",\"itemListElement\":[{\"@type\":\"ListItem\",\"position\":1,\"name\":\"Esileht\",\"item\":\"https:\\\/\\\/airpack.ee\\\/\"},{\"@type\":\"ListItem\",\"position\":2,\"name\":\"Tellimus\"}]},{\"@type\":\"WebSite\",\"@id\":\"https:\\\/\\\/airpack.ee\\\/#website\",\"url\":\"https:\\\/\\\/airpack.ee\\\/\",\"name\":\"Airpack Estonia\",\"description\":\"Tarnelahenduste partner\",\"publisher\":{\"@id\":\"https:\\\/\\\/airpack.ee\\\/#organization\"},\"potentialAction\":[{\"@type\":\"SearchAction\",\"target\":{\"@type\":\"EntryPoint\",\"urlTemplate\":\"https:\\\/\\\/airpack.ee\\\/?s={search_term_string}\"},\"query-input\":{\"@type\":\"PropertyValueSpecification\",\"valueRequired\":true,\"valueName\":\"search_term_string\"}}],\"inLanguage\":\"nb-NO\"},{\"@type\":\"Organization\",\"@id\":\"https:\\\/\\\/airpack.ee\\\/#organization\",\"name\":\"Airpack Estonia\",\"url\":\"https:\\\/\\\/airpack.ee\\\/\",\"logo\":{\"@type\":\"ImageObject\",\"inLanguage\":\"nb-NO\",\"@id\":\"https:\\\/\\\/airpack.ee\\\/#\\\/schema\\\/logo\\\/image\\\/\",\"url\":\"https:\\\/\\\/www.airpack.ee\\\/wp-content\\\/uploads\\\/2024\\\/11\\\/cropped-Airpack-4.png\",\"contentUrl\":\"https:\\\/\\\/www.airpack.ee\\\/wp-content\\\/uploads\\\/2024\\\/11\\\/cropped-Airpack-4.png\",\"width\":374,\"height\":222,\"caption\":\"Airpack Estonia\"},\"image\":{\"@id\":\"https:\\\/\\\/airpack.ee\\\/#\\\/schema\\\/logo\\\/image\\\/\"},\"sameAs\":[\"https:\\\/\\\/www.facebook.com\\\/p\\\/Airpack-Xpress-100093337930198\\\/\"]}]}<\/script>\n<!-- \/ Yoast SEO plugin. -->","yoast_head_json":{"title":"V\u00f5ta meiega \u00fchendust | Airpack Estonia","description":"Vajad kiiret ja usaldusv\u00e4\u00e4rset logistikapartnerit? V\u00f5ta \u00fchendust Airpack Estoniaga \u2013 vastame kiiresti ning leiame lahenduse Sinu tarnesoovile nii Eestis kui rahvusvaheliselt.","robots":{"index":"index","follow":"follow","max-snippet":"max-snippet:-1","max-image-preview":"max-image-preview:large","max-video-preview":"max-video-preview:-1"},"canonical":"https:\/\/www.airpack.ee\/nb\/tellimus\/","og_locale":"nb_NO","og_type":"article","og_title":"V\u00f5ta meiega \u00fchendust | Airpack Estonia","og_description":"Vajad kiiret ja usaldusv\u00e4\u00e4rset logistikapartnerit? V\u00f5ta \u00fchendust Airpack Estoniaga \u2013 vastame kiiresti ning leiame lahenduse Sinu tarnesoovile nii Eestis kui rahvusvaheliselt.","og_url":"https:\/\/www.airpack.ee\/nb\/tellimus\/","og_site_name":"Airpack Estonia","article_publisher":"https:\/\/www.facebook.com\/p\/Airpack-Xpress-100093337930198\/","article_modified_time":"2026-02-22T15:35:33+00:00","twitter_card":"summary_large_image","twitter_misc":{"Ansl. lesetid":"2 minutter"},"schema":{"@context":"https:\/\/schema.org","@graph":[{"@type":"WebPage","@id":"https:\/\/www.airpack.ee\/tellimus\/","url":"https:\/\/www.airpack.ee\/tellimus\/","name":"V\u00f5ta meiega \u00fchendust | Airpack Estonia","isPartOf":{"@id":"https:\/\/airpack.ee\/#website"},"datePublished":"2026-02-17T19:14:50+00:00","dateModified":"2026-02-22T15:35:33+00:00","description":"Vajad kiiret ja usaldusv\u00e4\u00e4rset logistikapartnerit? V\u00f5ta \u00fchendust Airpack Estoniaga \u2013 vastame kiiresti ning leiame lahenduse Sinu tarnesoovile nii Eestis kui rahvusvaheliselt.","breadcrumb":{"@id":"https:\/\/www.airpack.ee\/tellimus\/#breadcrumb"},"inLanguage":"nb-NO","potentialAction":[{"@type":"ReadAction","target":["https:\/\/www.airpack.ee\/tellimus\/"]}]},{"@type":"BreadcrumbList","@id":"https:\/\/www.airpack.ee\/tellimus\/#breadcrumb","itemListElement":[{"@type":"ListItem","position":1,"name":"Esileht","item":"https:\/\/airpack.ee\/"},{"@type":"ListItem","position":2,"name":"Tellimus"}]},{"@type":"WebSite","@id":"https:\/\/airpack.ee\/#website","url":"https:\/\/airpack.ee\/","name":"Airpack Estonia","description":"Tarnelahenduste partner","publisher":{"@id":"https:\/\/airpack.ee\/#organization"},"potentialAction":[{"@type":"SearchAction","target":{"@type":"EntryPoint","urlTemplate":"https:\/\/airpack.ee\/?s={search_term_string}"},"query-input":{"@type":"PropertyValueSpecification","valueRequired":true,"valueName":"search_term_string"}}],"inLanguage":"nb-NO"},{"@type":"Organization","@id":"https:\/\/airpack.ee\/#organization","name":"Airpack Estonia","url":"https:\/\/airpack.ee\/","logo":{"@type":"ImageObject","inLanguage":"nb-NO","@id":"https:\/\/airpack.ee\/#\/schema\/logo\/image\/","url":"https:\/\/www.airpack.ee\/wp-content\/uploads\/2024\/11\/cropped-Airpack-4.png","contentUrl":"https:\/\/www.airpack.ee\/wp-content\/uploads\/2024\/11\/cropped-Airpack-4.png","width":374,"height":222,"caption":"Airpack Estonia"},"image":{"@id":"https:\/\/airpack.ee\/#\/schema\/logo\/image\/"},"sameAs":["https:\/\/www.facebook.com\/p\/Airpack-Xpress-100093337930198\/"]}]}},"_links":{"self":[{"href":"https:\/\/www.airpack.ee\/nb\/wp-json\/wp\/v2\/pages\/1582","targetHints":{"allow":["GET"]}}],"collection":[{"href":"https:\/\/www.airpack.ee\/nb\/wp-json\/wp\/v2\/pages"}],"about":[{"href":"https:\/\/www.airpack.ee\/nb\/wp-json\/wp\/v2\/types\/page"}],"author":[{"embeddable":true,"href":"https:\/\/www.airpack.ee\/nb\/wp-json\/wp\/v2\/users\/1"}],"replies":[{"embeddable":true,"href":"https:\/\/www.airpack.ee\/nb\/wp-json\/wp\/v2\/comments?post=1582"}],"version-history":[{"count":5,"href":"https:\/\/www.airpack.ee\/nb\/wp-json\/wp\/v2\/pages\/1582\/revisions"}],"predecessor-version":[{"id":1847,"href":"https:\/\/www.airpack.ee\/nb\/wp-json\/wp\/v2\/pages\/1582\/revisions\/1847"}],"wp:attachment":[{"href":"https:\/\/www.airpack.ee\/nb\/wp-json\/wp\/v2\/media?parent=1582"}],"curies":[{"name":"wp","href":"https:\/\/api.w.org\/{rel}","templated":true}]}}